{"id":38,"date":"2024-01-17T10:01:08","date_gmt":"2024-01-17T09:01:08","guid":{"rendered":"https:\/\/serruriershop.com\/?post_type=product&#038;p=38"},"modified":"2024-01-19T11:28:31","modified_gmt":"2024-01-19T10:28:31","slug":"ensemble-delectropicks-master-expert-em-007","status":"publish","type":"product","link":"https:\/\/serruriershop.com\/index.php\/product\/ensemble-delectropicks-master-expert-em-007\/","title":{"rendered":"Ensemble d&#8217;\u00e9lectropicks Master Expert \/ EM-007"},"content":{"rendered":"<div class=\"woocommerce-product-details__short-description\">\n<h6><img loading=\"lazy\" decoding=\"async\" class=\"alignnone size-medium wp-image-39\" src=\"http:\/\/serruriershop.com\/wp-content\/uploads\/2024\/01\/EM-007_1-300x300.jpg\" alt=\"Ensemble d'\u00e9lectropicks Master Expert \/ EM-007\" width=\"300\" height=\"300\" srcset=\"https:\/\/serruriershop.com\/wp-content\/uploads\/2024\/01\/EM-007_1-300x300.jpg 300w, https:\/\/serruriershop.com\/wp-content\/uploads\/2024\/01\/EM-007_1-150x150.jpg 150w, https:\/\/serruriershop.com\/wp-content\/uploads\/2024\/01\/EM-007_1-768x768.jpg 768w, https:\/\/serruriershop.com\/wp-content\/uploads\/2024\/01\/EM-007_1-600x600.jpg 600w, https:\/\/serruriershop.com\/wp-content\/uploads\/2024\/01\/EM-007_1-100x100.jpg 100w, https:\/\/serruriershop.com\/wp-content\/uploads\/2024\/01\/EM-007_1.jpg 1000w\" sizes=\"(max-width: 300px) 100vw, 300px\" \/><\/h6>\n<h6><\/h6>\n<h6>Code\u00a0: EM-007<\/h6>\n<p>Tout le monde sait que le crochet de serrure sans fil est le seul ami du fabricant de cl\u00e9s, en se d\u00e9pla\u00e7ant des centaines de fois par seconde, en atteignant la capacit\u00e9 de frapper, ce qui ne peut pas \u00eatre fait \u00e0 la main, et en ouvrant la serrure facilement.<br \/>\nNous avons repens\u00e9 notre crochet de verrouillage sans fil et en avons fait un produit unique dot\u00e9 de fonctionnalit\u00e9s suppl\u00e9mentaires.<\/p>\n<\/div>\n<div class=\"product_meta\"><span class=\"sku_wrapper\">Code du stock\u00a0:\u00a0<span class=\"sku\">EM-007<\/span><\/span><\/div>\n","protected":false},"excerpt":{"rendered":"<p>Tout le monde sait que le crochet de serrure sans fil est le seul ami du fabricant de cl\u00e9s, en se d\u00e9pla\u00e7ant des centaines de fois par seconde, en atteignant la capacit\u00e9 de frapper, ce qui ne peut pas \u00eatre fait \u00e0 la main, et en ouvrant la serrure facilement.<br \/>\nNous avons repens\u00e9 notre crochet de verrouillage sans fil et en avons fait un produit unique dot\u00e9 de fonctionnalit\u00e9s suppl\u00e9mentaires.<br \/>\nNous pouvons lister les diff\u00e9rences de notre mod\u00e8le MasterExpert\u00ae Crochetage rechargeable par rapport au pr\u00e9c\u00e9dent comme suit :<br \/>\n<strong>\u2013 La capacit\u00e9 et l&#8217;assemblage de la batterie rechargeable utilis\u00e9e ont \u00e9t\u00e9 am\u00e9lior\u00e9s.<\/strong><br \/>\nUne batterie Lithium-ion de nouvelle g\u00e9n\u00e9ration a \u00e9t\u00e9 utilis\u00e9e comme batterie rechargeable.\u00a0Le temps de charge de cette batterie est court et la dur\u00e9e d\u2019utilisation est presque doubl\u00e9e.<br \/>\n<em>La meilleure nouvelle est la suivante\u00a0:<\/em><br \/>\n\u25cf La batterie n&#8217;est pas mont\u00e9e \u00e0 l&#8217;int\u00e9rieur de l&#8217;appareil.\u00a0Un emplacement pour batterie a \u00e9t\u00e9 r\u00e9alis\u00e9 et lorsque l&#8217;on souhaite la charger, elle peut \u00eatre retir\u00e9e et continuer \u00e0 fonctionner avec une batterie de rechange.<br \/>\n\u25cf Le chargeur, quant \u00e0 lui, fonctionne \u00e0 l&#8217;aide d&#8217;un c\u00e2ble USB, tel qu&#8217;un c\u00e2ble de t\u00e9l\u00e9phone portable, et ce c\u00e2ble est \u00e9galement fourni avec l&#8217;appareil.\u00a0Vous pouvez m\u00eame recharger les batteries en utilisant l\u2019\u00e9lectricit\u00e9 de l\u2019allume-cigare de la voiture.<br \/>\n\u25cf Les voyants indicateurs de niveau de batterie sur le chargeur vous apporteront \u00e9galement une grande commodit\u00e9.<br \/>\n<strong>\u2013 Le voyant LED de l&#8217;appareil a \u00e9t\u00e9 mis \u00e0 jour.<\/strong><br \/>\nLa lampe LED de l&#8217;appareil charg\u00e9 commencera \u00e0 fonctionner pendant que vous l&#8217;utilisez, gr\u00e2ce au logiciel int\u00e9gr\u00e9 \u00e0 l&#8217;appareil, et s&#8217;\u00e9teindra 5 secondes apr\u00e8s avoir termin\u00e9 votre travail.\u00a0Ainsi, le clignotement involontaire de la lampe LED a \u00e9t\u00e9 \u00e9vit\u00e9, affectant n\u00e9gativement la dur\u00e9e de vie de la batterie.<br \/>\n<strong>\u2013 La puissance du moteur de l&#8217;appareil a \u00e9t\u00e9 augment\u00e9e.<\/strong><br \/>\nIl est d\u00e9sormais beaucoup plus facile d&#8217;ouvrir des cylindres \u00e0 6 broches avec des appareils rechargeables.\u00a0\u00c9tant donn\u00e9 que la batterie utilis\u00e9e est une batterie de nouvelle g\u00e9n\u00e9ration et que la puissance actuelle de la batterie est augment\u00e9e gr\u00e2ce \u00e0 un appareil sp\u00e9cial, l&#8217;appareil rechargeable produit des coups beaucoup plus puissants qu&#8217;auparavant.<br \/>\n<strong>\u2013 Fourni avec des outils auxiliaires riches en mat\u00e9riel et un sac \u00e0 outils \u00e9l\u00e9gant.<\/strong><br \/>\nLe bo\u00eetier de l&#8217;appareil rechargeable a \u00e9t\u00e9 repens\u00e9.\u00a0Un sac plus utile et plus \u00e9l\u00e9gant a \u00e9t\u00e9 pr\u00e9par\u00e9, et un riche ensemble a \u00e9t\u00e9 pr\u00e9par\u00e9 avec de nombreux conseils de chargement Yale, divers fermoirs, crochets de verrouillage de tiroir et de loquet.<br \/>\n<strong>Utilisation :<\/strong><br \/>\n1. Vissez fermement l&#8217;embout charg\u00e9 que vous pr\u00e9f\u00e9rez utiliser apr\u00e8s l&#8217;avoir mont\u00e9 sur l&#8217;appareil.\u00a0(Le fait que les extr\u00e9mit\u00e9s soient de mod\u00e8les diff\u00e9rents n&#8217;affectera pas directement la fonction d&#8217;ouverture)<br \/>\n2. Placez l&#8217;un des diff\u00e9rents types de cliquets du kit, que vous pr\u00e9f\u00e9rez, dans le moyeu de la serrure de mani\u00e8re appropri\u00e9e.<br \/>\n3. Afin d&#8217;exercer une pression sur les mots de passe, maintenez l\u00e9g\u00e8rement vers le haut l&#8217;appareil charg\u00e9 que vous avez plac\u00e9 sur le noyau de la serrure et laissez-le travailler confortablement dans le cylindre.<br \/>\n<span class=\"VIpgJd-yAWNEb-VIpgJd-fmcmS-sn54Q\">4. Tout en travaillant dans le noyau de la serrure avec un appareil charg\u00e9, r\u00e9duisez les mots de passe en effectuant des mouvements d&#8217;avant en arri\u00e8re.<\/span><br \/>\n5. La pr\u00e9cision de l&#8217;utilisation de l&#8217;outil Tension affectera directement le succ\u00e8s du d\u00e9verrouillage.\u00a0Emp\u00eache les mots de passe de tomber lorsqu&#8217;une pression excessive est appliqu\u00e9e sur le dispositif de tension.\u00a0Il doit \u00eatre utilis\u00e9 avec pr\u00e9caution.<br \/>\n7. Lorsque la batterie de l&#8217;appareil est \u00e9puis\u00e9e, la sauvegarde peut \u00eatre ins\u00e9r\u00e9e et continuer \u00e0 fonctionner.\u00a0Il suffira de charger la batterie \u00e9puis\u00e9e pendant 4 \u00e0 5 heures maximum avec l&#8217;adaptateur de charge inclus dans le kit.<\/p>\n<p>&nbsp;<\/p>\n<p><a href=\"https:\/\/youtu.be\/lu7GW8YotnU\">https:\/\/youtu.be\/lu7GW8YotnU<\/a><\/p>\n<p>&nbsp;<\/p>\n","protected":false},"featured_media":39,"comment_status":"open","ping_status":"closed","template":"","meta":{"om_disable_all_campaigns":false,"_monsterinsights_skip_tracking":false,"_monsterinsights_sitenote_active":false,"_monsterinsights_sitenote_note":"","_monsterinsights_sitenote_category":0},"product_cat":[22],"product_tag":[21],"aioseo_notices":[],"jetpack_sharing_enabled":true,"_links":{"self":[{"href":"https:\/\/serruriershop.com\/index.php\/wp-json\/wp\/v2\/product\/38"}],"collection":[{"href":"https:\/\/serruriershop.com\/index.php\/wp-json\/wp\/v2\/product"}],"about":[{"href":"https:\/\/serruriershop.com\/index.php\/wp-json\/wp\/v2\/types\/product"}],"replies":[{"embeddable":true,"href":"https:\/\/serruriershop.com\/index.php\/wp-json\/wp\/v2\/comments?post=38"}],"wp:featuredmedia":[{"embeddable":true,"href":"https:\/\/serruriershop.com\/index.php\/wp-json\/wp\/v2\/media\/39"}],"wp:attachment":[{"href":"https:\/\/serruriershop.com\/index.php\/wp-json\/wp\/v2\/media?parent=38"}],"wp:term":[{"taxonomy":"product_cat","embeddable":true,"href":"https:\/\/serruriershop.com\/index.php\/wp-json\/wp\/v2\/product_cat?post=38"},{"taxonomy":"product_tag","embeddable":true,"href":"https:\/\/serruriershop.com\/index.php\/wp-json\/wp\/v2\/product_tag?post=38"}],"curies":[{"name":"wp","href":"https:\/\/api.w.org\/{rel}","templated":true}]}}